{"id":21,"date":"2022-07-29T10:31:23","date_gmt":"2022-07-29T10:31:23","guid":{"rendered":"https:\/\/vne-led.vn\/?page_id=21"},"modified":"2022-08-11T05:02:12","modified_gmt":"2022-08-11T05:02:12","slug":"chinh-sach-van-chuyen","status":"publish","type":"page","link":"https:\/\/vne-led.vn\/index.php\/chinh-sach-van-chuyen\/","title":{"rendered":"Ch\u00ednh s\u00e1ch v\u1eadn chuy\u1ec3n"},"content":{"rendered":"\t\t<div data-elementor-type=\"wp-page\" data-elementor-id=\"21\" class=\"elementor elementor-21\">\n\t\t\t\t\t\t\t\t\t<section class=\"elementor-section elementor-top-section elementor-element elementor-element-3d23ba9 elementor-section-boxed elementor-section-height-default elementor-section-height-default\" data-id=\"3d23ba9\" data-element_type=\"section\">\n\t\t\t\t\t\t<div class=\"elementor-container elementor-column-gap-default\">\n\t\t\t\t\t<div class=\"elementor-column elementor-col-100 elementor-top-column elementor-element elementor-element-e8fb372\" data-id=\"e8fb372\" data-element_type=\"column\">\n\t\t\t<div class=\"elementor-widget-wrap elementor-element-populated\">\n\t\t\t\t\t\t\t\t<div class=\"elementor-element elementor-element-4935c73 elementor-widget elementor-widget-text-editor\" data-id=\"4935c73\" data-element_type=\"widget\" data-widget_type=\"text-editor.default\">\n\t\t\t\t<div class=\"elementor-widget-container\">\n\t\t\t<style>\/*! elementor - v3.6.8 - 27-07-2022 *\/\n.elementor-widget-text-editor.elementor-drop-cap-view-stacked .elementor-drop-cap{background-color:#818a91;color:#fff}.elementor-widget-text-editor.elementor-drop-cap-view-framed .elementor-drop-cap{color:#818a91;border:3px solid;background-color:transparent}.elementor-widget-text-editor:not(.elementor-drop-cap-view-default) .elementor-drop-cap{margin-top:8px}.elementor-widget-text-editor:not(.elementor-drop-cap-view-default) .elementor-drop-cap-letter{width:1em;height:1em}.elementor-widget-text-editor .elementor-drop-cap{float:left;text-align:center;line-height:1;font-size:50px}.elementor-widget-text-editor .elementor-drop-cap-letter{display:inline-block}<\/style>\t\t\t\t<table width=\"209\"><tbody><tr><td width=\"209\">VNE cung c\u1ea5p d\u1ecbch v\u1ee5 tr\u00ean to\u00e0n qu\u1ed1c v\u00e0 ch\u00fang t\u00f4i ch\u1ec9 nh\u1eadn thanh to\u00e1n v\u00e0 l\u00e0m c\u00e1c th\u1ee7 t\u1ee5c kh\u00e1ch theo ph\u01b0\u01a1ng th\u1ee9c tr\u1ef1c ti\u1ebfp \u1edf Th\u00e0nh ph\u1ed1 HCM. \u0110\u1ed1i v\u1edbi c\u00e1c \u0111\u1ecba ph\u01b0\u01a1ng kh\u00e1c, ch\u00fang t\u00f4i s\u1ebd cung c\u1ea5p d\u1ecbch v\u1ee5 qua c\u00e1c d\u1ecbch v\u1ee5 b\u01b0u ch\u00ednh vi\u1ec5n th\u00f4ng. C\u00e1c h\u1ed3 s\u01a1 v\u00e0 th\u1ee7 t\u1ee5c \u0111\u0103ng k\u00fd d\u1ecbch v\u1ee5 \u0111\u01b0\u1ee3c ho\u00e0n th\u00e0nh tr\u00ean website ho\u1eb7c trao \u0111\u1ed5i qua email.<\/td><\/tr><\/tbody><\/table>\t\t\t\t\t\t<\/div>\n\t\t\t\t<\/div>\n\t\t\t\t\t<\/div>\n\t\t<\/div>\n\t\t\t\t\t\t\t<\/div>\n\t\t<\/section>\n\t\t\t\t\t\t\t<\/div>\n\t\t","protected":false},"excerpt":{"rendered":"<p>VNE cung c\u1ea5p d\u1ecbch v\u1ee5 tr\u00ean to\u00e0n qu\u1ed1c v\u00e0 ch\u00fang t\u00f4i ch\u1ec9 nh\u1eadn thanh to\u00e1n v\u00e0 l\u00e0m c\u00e1c th\u1ee7 t\u1ee5c kh\u00e1ch theo ph\u01b0\u01a1ng th\u1ee9c tr\u1ef1c ti\u1ebfp \u1edf Th\u00e0nh ph\u1ed1 HCM. \u0110\u1ed1i v\u1edbi c\u00e1c \u0111\u1ecba ph\u01b0\u01a1ng kh\u00e1c, ch\u00fang t\u00f4i s\u1ebd cung c\u1ea5p d\u1ecbch v\u1ee5 qua c\u00e1c d\u1ecbch v\u1ee5 b\u01b0u ch\u00ednh vi\u1ec5n th\u00f4ng. C\u00e1c h\u1ed3 s\u01a1 v\u00e0 [&hellip;]<\/p>\n","protected":false},"author":1,"featured_media":0,"parent":0,"menu_order":0,"comment_status":"closed","ping_status":"closed","template":"","meta":{"footnotes":""},"class_list":["post-21","page","type-page","status-publish","hentry"],"_links":{"self":[{"href":"https:\/\/vne-led.vn\/index.php\/wp-json\/wp\/v2\/pages\/21","targetHints":{"allow":["GET"]}}],"collection":[{"href":"https:\/\/vne-led.vn\/index.php\/wp-json\/wp\/v2\/pages"}],"about":[{"href":"https:\/\/vne-led.vn\/index.php\/wp-json\/wp\/v2\/types\/page"}],"author":[{"embeddable":true,"href":"https:\/\/vne-led.vn\/index.php\/wp-json\/wp\/v2\/users\/1"}],"replies":[{"embeddable":true,"href":"https:\/\/vne-led.vn\/index.php\/wp-json\/wp\/v2\/comments?post=21"}],"version-history":[{"count":4,"href":"https:\/\/vne-led.vn\/index.php\/wp-json\/wp\/v2\/pages\/21\/revisions"}],"predecessor-version":[{"id":665,"href":"https:\/\/vne-led.vn\/index.php\/wp-json\/wp\/v2\/pages\/21\/revisions\/665"}],"wp:attachment":[{"href":"https:\/\/vne-led.vn\/index.php\/wp-json\/wp\/v2\/media?parent=21"}],"curies":[{"name":"wp","href":"https:\/\/api.w.org\/{rel}","templated":true}]}}