{"id":25,"date":"2022-07-29T10:31:46","date_gmt":"2022-07-29T10:31:46","guid":{"rendered":"https:\/\/vne-led.vn\/?page_id=25"},"modified":"2023-08-11T08:21:57","modified_gmt":"2023-08-11T08:21:57","slug":"chinh-sach-va-quy-dinh-chung","status":"publish","type":"page","link":"https:\/\/vne-led.vn\/index.php\/chinh-sach-va-quy-dinh-chung\/","title":{"rendered":"Ch\u00ednh s\u00e1ch v\u00e0 quy \u0111\u1ecbnh chung"},"content":{"rendered":"\t\t<div data-elementor-type=\"wp-page\" data-elementor-id=\"25\" class=\"elementor elementor-25\">\n\t\t\t\t\t\t\t\t\t<section class=\"elementor-section elementor-top-section elementor-element elementor-element-1650bc4 elementor-section-boxed elementor-section-height-default elementor-section-height-default\" data-id=\"1650bc4\" data-element_type=\"section\">\n\t\t\t\t\t\t<div class=\"elementor-container elementor-column-gap-default\">\n\t\t\t\t\t<div class=\"elementor-column elementor-col-100 elementor-top-column elementor-element elementor-element-398b932\" data-id=\"398b932\" data-element_type=\"column\">\n\t\t\t<div class=\"elementor-widget-wrap elementor-element-populated\">\n\t\t\t\t\t\t\t\t<div class=\"elementor-element elementor-element-f1580bb elementor-widget elementor-widget-text-editor\" data-id=\"f1580bb\" data-element_type=\"widget\" data-widget_type=\"text-editor.default\">\n\t\t\t\t<div class=\"elementor-widget-container\">\n\t\t\t<style>\/*! elementor - v3.6.8 - 27-07-2022 *\/\n.elementor-widget-text-editor.elementor-drop-cap-view-stacked .elementor-drop-cap{background-color:#818a91;color:#fff}.elementor-widget-text-editor.elementor-drop-cap-view-framed .elementor-drop-cap{color:#818a91;border:3px solid;background-color:transparent}.elementor-widget-text-editor:not(.elementor-drop-cap-view-default) .elementor-drop-cap{margin-top:8px}.elementor-widget-text-editor:not(.elementor-drop-cap-view-default) .elementor-drop-cap-letter{width:1em;height:1em}.elementor-widget-text-editor .elementor-drop-cap{float:left;text-align:center;line-height:1;font-size:50px}.elementor-widget-text-editor .elementor-drop-cap-letter{display:inline-block}<\/style>\t\t\t\t<p>B\u1eb1ng vi\u1ec7c \u0111\u0103ng k\u00fd s\u1eed d\u1ee5ng c\u00e1c d\u1ecbch v\u1ee5 c\u1ee7a VNE (d\u01b0\u1edbi \u0111\u00e2y t\u1eaft l\u00e0 &#8220;d\u1ecbch v\u1ee5&#8221;), b\u1ea1n \u0111\u1ed3ng \u00fd v\u1edbi c\u00e1c \u0111i\u1ec1u kho\u1ea3n v\u00e0 \u0111i\u1ec1u ki\u1ec7n sau \u0111\u00e2y (g\u1ecdi chung l\u00e0 &#8220;\u0110i\u1ec1u kho\u1ea3n s\u1eed d\u1ee5ng&#8221;). VNE c\u00f3 quy\u1ec1n ch\u1ec9nh s\u1eeda, c\u1eadp nh\u1eadt c\u00e1c quy \u0111\u1ecbnh v\u00e0 \u0111i\u1ec1u ki\u1ec7n n\u00e0y b\u1ea5t c\u1ee9 l\u00fac n\u00e0o m\u00e0 kh\u00f4ng c\u1ea7n b\u00e1o tr\u01b0\u1edbc. Vi\u1ec7c ch\u1ec9nh s\u1eeda n\u00e0y s\u1ebd c\u00f3 hi\u1ec7u l\u1ef1c ngay khi \u0111\u01b0\u1ee3c c\u1eadp nh\u1eadt tr\u00ean website vne-led.vn. B\u1ea1n n\u00ean th\u01b0\u1eddng xuy\u00ean ki\u1ec3m tra, c\u1eadp nh\u1eadt l\u1ea1i nh\u1eefng quy \u0111\u1ecbnh trong \u0110i\u1ec1u kho\u1ea3n s\u1eed d\u1ee5ng n\u00e0y \u0111\u1ec3 \u0111\u1ea3m b\u1ea3o quy\u1ec1n l\u1ee3i c\u1ee7a m\u00ecnh m\u1ed9t c\u00e1ch \u0111\u1ea7y \u0111\u1ee7 nh\u1ea5t. <br \/>\u0110i\u1ec1u ki\u1ec7n \u0111\u0103ng k\u00fd d\u1ecbch v\u1ee5<br \/>1. \u0110\u1ec3 c\u00f3 th\u1ec3 s\u1eed d\u1ee5ng d\u1ecbch v\u1ee5, b\u1ea1n ph\u1ea3i t\u1eeb \u0111\u1ee7 18 tu\u1ed5i tr\u1edf l\u00ean.<br \/>2. Cung c\u1ea5p \u0111\u1ecba ch\u1ec9 email h\u1ee3p l\u1ec7 v\u00e0 c\u00e1c th\u00f4ng tin kh\u00e1c theo y\u00eau c\u1ea7u \u0111\u1ec3 ho\u00e0n th\u00e0nh qu\u00e1 tr\u00ecnh \u0111\u0103ng k\u00fd.<br \/>3. C\u00f3 tr\u00e1ch nhi\u1ec7m gi\u1eef t\u00e0i kho\u1ea3n v\u00e0 m\u1eadt kh\u1ea9u c\u1ee7a m\u00ecnh an to\u00e0n. VNE kh\u00f4ng th\u1ec3 v\u00e0 s\u1ebd kh\u00f4ng ch\u1ecbu tr\u00e1ch nhi\u1ec7m cho b\u1ea5t k\u1ef3 t\u1ed5n th\u1ea5t ho\u1eb7c thi\u1ec7t h\u1ea1i t\u1eeb s\u1ef1 thi\u1ebfu c\u1ea9n tr\u1ecdng c\u1ee7a b\u1ea1n trong vi\u1ec7c b\u1ea3o m\u1eadt th\u00f4ng tin t\u00e0i kho\u1ea3n.<br \/>4. Nghi\u00eam c\u1ea5m truy\u1ec1n t\u1ea3i b\u1ea5t k\u1ef3 lo\u1ea1i virus ho\u1eb7c m\u00e3 \u0111\u1ed9c n\u00e0o c\u00f3 t\u00ednh ch\u1ea5t ph\u00e1 ho\u1ea1i.<br \/>5. Trong tr\u01b0\u1eddng h\u1ee3p b\u1ea1n vi ph\u1ea1m quy \u0111\u1ecbnh v\u1ec1 d\u1ecbch v\u1ee5 c\u0169ng nh\u01b0 h\u1ec7 th\u1ed1ng h\u1ed7 tr\u1ee3 d\u1ecbch v\u1ee5, ch\u00fang t\u00f4i c\u00f3 quy\u1ec1n h\u1ea1n ch\u1ebf ho\u1eb7c v\u00f4 hi\u1ec7u h\u00f3a quy\u1ec1n truy c\u1eadp, s\u1eed d\u1ee5ng d\u1ecbch v\u1ee5 c\u1ee7a b\u1ea1n m\u00e0 kh\u00f4ng c\u1ea7n th\u00f4ng b\u00e1o.<br \/>6. Vi ph\u1ea1m b\u1ea5t k\u1ef3 \u0111i\u1ec1u n\u00e0o trong \u0110i\u1ec1u kho\u1ea3n s\u1eed d\u1ee5ng t\u00e0i kho\u1ea3n, VNE s\u1ebd d\u1eebng ngay l\u1eadp t\u1ee9c c\u00e1c d\u1ecbch v\u1ee5 c\u1ee7a b\u1ea1n.<br \/>\u0110i\u1ec1u ki\u1ec7n chung<br \/>B\u1ea1n \u0111\u1ed3ng \u00fd ch\u1ec9 s\u1eed d\u1ee5ng d\u1ecbch v\u1ee5 cho m\u1ee5c \u0111\u00edch c\u00e1 nh\u00e2n ho\u1eb7c th\u01b0\u01a1ng m\u1ea1i c\u1ee7a b\u1ea1n nh\u01b0 m\u1ed9t gi\u1ea3i ph\u00e1p h\u1ed7 tr\u1ee3 tr\u1ef1c tuy\u1ebfn. VNE lu\u00f4n n\u1ed7 l\u1ef1c \u0111\u1ec3 b\u1ea3o v\u1ec7 th\u00f4ng tin c\u00e1 nh\u00e2n v\u00e0 quy\u1ec1n ri\u00eang t\u01b0 c\u1ee7a b\u1ea1n, tuy nhi\u00ean ch\u00fang t\u00f4i kh\u00f4ng th\u1ec3 \u0111\u1ea3m b\u1ea3o s\u1ef1 an to\u00e0n cho t\u1ea5t c\u1ea3 th\u00f4ng tin b\u1ea5t k\u1ef3 m\u00e0 b\u1ea1n ph\u00e1t t\u00e1n tr\u1ef1c tuy\u1ebfn. \u0110\u1ed3ng \u00fd v\u1edbi Th\u1ecfa Thu\u1eadn n\u00e0y, \u0111\u1ed3ng ngh\u0129a v\u1edbi vi\u1ec7c b\u1ea1n nh\u1eadn th\u1ee9c \u0111\u01b0\u1ee3c nh\u1eefng h\u1ea1n ch\u1ebf nh\u1ea5t \u0111\u1ecbnh \u0111\u00f3 c\u1ee7a ch\u00fang. B\u1eb1ng vi\u1ec7c s\u1eed d\u1ee5ng D\u1ecbch v\u1ee5, b\u1ea1n \u0111\u1ed3ng \u00fd v\u1edbi nh\u1eefng \u0111i\u1ec1u sau \u0111\u00e2y:<br \/>1. Cung c\u1ea5p th\u00f4ng tin trung th\u1ef1c, ch\u00ednh x\u00e1c v\u00e0 \u0111\u1ea7y \u0111\u1ee7 theo y\u00eau c\u1ea7u c\u1ee7a VNE.<br \/>2. Kh\u00f4ng \u0111\u01b0\u1ee3c chuy\u1ec3n, nh\u01b0\u1ee3ng, c\u1ea5p ph\u00e9p ho\u1eb7c b\u00e1n l\u1ea1i d\u1ecbch v\u1ee5, m\u1ed9t ph\u1ea7n ho\u1eb7c to\u00e0n b\u1ed9, tr\u1eeb khi b\u1ea1n l\u00e0 m\u1ed9t \u0111\u1ed1i t\u00e1c \u1ee7y quy\u1ec1n c\u1ee7a VNE. \u0110\u1ed1i v\u1edbi tr\u01b0\u1eddng h\u1ee3p t\u1ef1 \u00fd chuy\u1ec3n \u0111\u1ed5i d\u1ecbch v\u1ee5 cho cho b\u00ean th\u1ee9 ba m\u00e0 kh\u00f4ng \u0111\u01b0\u1ee3c s\u1ef1 \u0111\u1ed3ng \u00fd c\u1ee7a VNE l\u00e0 vi ph\u1ea1m h\u1ee3p \u0111\u1ed3ng v\u00e0 ho\u00e0n to\u00e0n ch\u1ecbu m\u1ecdi tr\u00e1ch nhi\u1ec7m tr\u01b0\u1edbc ph\u00e1p lu\u1eadt.<br \/>3. N\u1ed9i dung c\u1ee7a b\u1ea1n (kh\u00f4ng bao g\u1ed3m th\u00f4ng tin th\u1ebb t\u00edn d\u1ee5ng), c\u00f3 th\u1ec3 \u0111\u01b0\u1ee3c truy\u1ec1n \u0111i m\u00e0 kh\u00f4ng \u0111\u01b0\u1ee3c m\u00e3 h\u00f3a trong tr\u01b0\u1eddng h\u1ee3p (a) vi\u1ec7c truy\u1ec1n qua nhi\u1ec1u m\u1ea1ng kh\u00e1c nhau; (b) thay \u0111\u1ed5i trong thi\u1ebft b\u1ecb v\u00e0 m\u1ea1ng k\u1ebft n\u1ed1i \u0111\u1ec3 ph\u00f9 h\u1ee3p v\u00e0 th\u00edch \u1ee9ng v\u1edbi c\u00e1c y\u00eau c\u1ea7u k\u1ef9 thu\u1eadt. Th\u00f4ng tin th\u1ebb t\u00edn d\u1ee5ng lu\u00f4n \u0111\u01b0\u1ee3c m\u00e3 h\u00f3a trong qu\u00e1 tr\u00ecnh truy\u1ec1n qua m\u1ea1ng.<br \/>4. Ch\u00fang t\u00f4i c\u00f3 quy\u1ec1n th\u1ea9m \u0111\u1ecbnh, v\u00e0 x\u00f3a b\u1ecf n\u1ed9i dung v\u00e0 t\u00e0i kho\u1ea3n c\u00f3 ch\u1ee9a n\u1ed9i dung vi ph\u1ea1m ph\u00e1p lu\u1eadt, g\u00e2y kh\u00f3 ch\u1ecbu, \u0111e d\u1ecda, b\u00f4i nh\u1ecd, n\u00f3i x\u1ea5u, hay vi ph\u1ea1m s\u1edf h\u1eefu tr\u00ed tu\u1ec7 c\u1ee7a b\u1ea5t k\u1ef3 b\u00ean th\u1ee9 ba n\u00e0o kh\u00e1c.<br \/>5. V\u1edbi tr\u01b0\u1eddng h\u1ee3p s\u1ea3n ph\u1ea9m, d\u1ecbch v\u1ee5, th\u00f4ng tin ho\u1eb7c c\u00e1c t\u00e0i li\u1ec7u kh\u00e1c \u0111\u01b0\u1ee3c mua, b\u00e1n, truy\u1ec1n t\u1ea3i th\u00f4ng qua vi\u1ec7c s\u1eed d\u1ee5ng VNE ho\u1eb7c c\u00e1c s\u1ea3n ph\u1ea9m kh\u00f4ng thu\u1ed9c s\u1edf h\u1eefu c\u1ee7a VNE, ch\u00fang t\u00f4i s\u1ebd ho\u00e0n to\u00e0n kh\u00f4ng ch\u1ecbu tr\u00e1ch nhi\u1ec7m hay \u0111\u1ea3m b\u1ea3o v\u1ec1 ch\u1ea5t l\u01b0\u1ee3ng.<br \/>6. B\u1ea1n hi\u1ec3u r\u00f5 v\u00e0 \u0111\u1ed3ng \u00fd r\u1eb1ng VNE kh\u00f4ng ch\u1ecbu tr\u00e1ch nhi\u1ec7m cho b\u1ea5t k\u1ef3 thi\u1ec7t h\u1ea1i tr\u1ef1c ti\u1ebfp, gi\u00e1n ti\u1ebfp, ng\u1eabu nhi\u00ean, \u0111\u1eb7c bi\u1ec7t, ho\u1eb7c \u0111i\u1ec3n h\u00ecnh do h\u1eadu qu\u1ea3 c\u1ee7a vi\u1ec7c vi ph\u1ea1m c\u00e1c \u0111i\u1ec1u kho\u1ea3n d\u1ecbch v\u1ee5, bao g\u1ed3m nh\u1eefng thi\u1ec7t h\u1ea1i v\u1ec1 l\u1ee3i nhu\u1eadn, uy t\u00edn, vi\u1ec7c s\u1eed d\u1ee5ng, d\u1eef li\u1ec7u hay thi\u1ec7t h\u1ea1i v\u00f4 h\u00ecnh kh\u00e1c l\u00e0 k\u1ebft qu\u1ea3 t\u1eeb vi\u1ec7c s\u1eed d\u1ee5ng d\u1ecbch v\u1ee5 VNE.<br \/>Ph\u00ed d\u1ecbch v\u1ee5<br \/>Khi s\u1eed d\u1ee5ng d\u1ecbch v\u1ee5 t\u1ea1i VNE b\u1ea1n ch\u1ea5p nh\u1eadn tr\u1ea3 m\u1ed9t kho\u1ea3n ph\u00ed d\u1ecbch v\u1ee5, ho\u1eb7c \u0111\u01b0\u1ee3c mi\u1ec5n ph\u00ed d\u1ecbch v\u1ee5 t\u00f9y theo t\u1eebng d\u1ecbch v\u1ee5 c\u1ee5 th\u1ec3. C\u00e1c kho\u1ea3n ph\u00ed d\u1ecbch v\u1ee5 n\u00e0y s\u1ebd \u0111\u01b0\u1ee3c quy \u0111\u1ecbnh trong c\u00e1c h\u1ee3p \u0111\u1ed3ng s\u1eed d\u1ee5ng d\u1ecbch v\u1ee5 \u0111\u01b0\u1ee3c k\u00fd k\u1ebft gi\u1eefa hai b\u00ean, v\u00e0 c\u00f3 th\u1ec3 \u0111\u01b0\u1ee3c \u0111i\u1ec1u ch\u1ec9nh b\u1eb1ng c\u00e1c ph\u1ee5 l\u1ee5c gia h\u1ea1n, s\u1eeda \u0111\u1ed5i. <br \/>Gi\u1edbi h\u1ea1n tr\u00e1ch nhi\u1ec7m<br \/>D\u1ecbch v\u1ee5 \u0111\u01b0\u1ee3c cung c\u1ea5p tr\u00ean c\u01a1 s\u1edf &#8220;hi\u1ec7n c\u00f3&#8221; v\u00e0 &#8220;s\u1eb5n c\u00f3&#8221;, VNE kh\u00f4ng \u0111\u1ea3m b\u1ea3o b\u1ea5t k\u1ef3 \u0111i\u1ec1u ki\u1ec7n n\u00e0o, d\u00f9 di\u1ec5n \u0111\u1ea1t hay ng\u1ee5 \u00fd, bao g\u1ed3m nh\u01b0ng kh\u00f4ng gi\u1edbi h\u1ea1n:<br \/>1. \u0110\u1ea3m b\u1ea3o v\u1ec1 t\u01b0 c\u00e1ch, vi\u1ec7c kh\u00f4ng x\u00e2m ph\u1ea1m, kh\u1ea3 n\u0103ng b\u00e1n ho\u1eb7c s\u1ef1 ph\u00f9 h\u1ee3p \u0111\u1ed1i v\u1edbi b\u1ea5t k\u1ef3 m\u1ee5c \u0111\u00edch c\u1ee5 th\u1ec3 n\u00e0o, li\u00ean quan \u0111\u1ebfn t\u00ednh s\u1eb5n c\u00f3, t\u00ednh ch\u00ednh x\u00e1c, t\u00ednh \u1ed5n \u0111\u1ecbnh, th\u00f4ng tin ho\u1eb7c n\u1ed9i dung c\u1ee7a D\u1ecbch v\u1ee5.<br \/>2. B\u1ea5t k\u1ef3 s\u1ef1 b\u1ea3o \u0111\u1ea3m b\u00e1n h\u00e0ng ho\u1eb7c cho m\u1ed9t m\u1ee5c \u0111\u00edch c\u1ee5 th\u1ec3. B\u1ea1n \u0111\u1ed3ng \u00fd v\u00e0 th\u1eeba nh\u1eadn r\u1eb1ng vi\u1ec7c s\u1eed d\u1ee5ng D\u1ecbch v\u1ee5 ho\u00e0n to\u00e0n thu\u1ed9c r\u1ee7i ro c\u1ee7a b\u1ea1n. T\u1eeb ch\u1ed1i tr\u00e1ch nhi\u1ec7m n\u00e0y \u00e1p d\u1ee5ng cho b\u1ea5t k\u1ef3 thi\u1ec7t h\u1ea1i ho\u1eb7c t\u1ed5n th\u01b0\u01a1ng g\u00e2y ra b\u1edfi c\u00e1c d\u1ecbch v\u1ee5, bao g\u1ed3m nh\u01b0ng kh\u00f4ng gi\u1edbi h\u1ea1n nh\u01b0 hi\u1ec7u su\u1ea5t kh\u00f4ng nh\u01b0 mong mu\u1ed1n, g\u1eb7p l\u1ed7i, thi\u1ebfu s\u00f3t, gi\u00e1n \u0111o\u1ea1n, b\u1ecb x\u00f3a b\u1ecf, ch\u1eadm tr\u1ec5 ho\u1eb7c sai s\u00f3t trong ho\u1ea1t \u0111\u1ed9ng ho\u1eb7c qu\u00e1 tr\u00ecnh truy\u1ec1n. B\u1ecb virus m\u00e1y t\u00ednh, suy y\u1ebfu \u0111\u01b0\u1eddng truy\u1ec1n, tr\u1ed9m c\u1eafp, ph\u00e1 h\u1ee7y ho\u1eb7c truy c\u1eadp tr\u00e1i ph\u00e9p. <br \/>B\u1ea5t k\u1ef3 t\u00e0i li\u1ec7u t\u1ea3i v\u1ec1 ho\u1eb7c c\u00f3 \u0111\u01b0\u1ee3c th\u00f4ng qua vi\u1ec7c s\u1eed d\u1ee5ng d\u1ecbch v\u1ee5, b\u1ea1n \u0111\u1ed3ng \u00fd v\u00e0 th\u1eeba nh\u1eadn nh\u1eefng r\u1ee7i ro n\u00e0y thu\u1ed9c v\u1ec1 b\u1ea1n, v\u00e0 b\u1ea1n s\u1ebd ho\u00e0n to\u00e0n ch\u1ecbu tr\u00e1ch nhi\u1ec7m cho b\u1ea5t k\u1ef3 thi\u1ec7t h\u1ea1i c\u1ee7a h\u1ec7 th\u1ed1ng m\u00e1y t\u00ednh. <br \/>Gi\u1edbi h\u1ea1n tr\u00e1ch nhi\u1ec7m ph\u00e1p l\u00fd<br \/>B\u1ea1n hi\u1ec3u r\u00f5 v\u00e0 \u0111\u1ed3ng \u00fd r\u1eb1ng s\u1ebd kh\u00f4ng x\u1ea3y ra tr\u01b0\u1eddng h\u1ee3p VNE v\u00e0 c\u00e1c chi nh\u00e1nh, \u0111\u1ea1i l\u00fd, gi\u00e1m \u0111\u1ed1c, c\u1ed1 v\u1ea5n, nh\u00e2n vi\u00ean, h\u1ed7 tr\u1ee3 vi\u00ean, \u0111\u1ed1i t\u00e1c s\u1ebd kh\u00f4ng ch\u1ecbu tr\u00e1ch nhi\u1ec7m cho b\u1ea5t k\u1ef3 ai d\u00f9 gi\u00e1n ti\u1ebfp, tr\u1ef1c ti\u1ebfp, ng\u1eabu nhi\u00ean, \u0111\u1eb7c bi\u1ec7t v\u1ec1 vi\u1ec7c b\u1ed3i th\u01b0\u1eddng thi\u1ec7t h\u1ea1i v\u1ec1 (bao g\u1ed3m c\u1ea3 thi\u1ec7t h\u1ea1i v\u1ec1 l\u1ee3i nhu\u1eadn, vi\u1ec7c gi\u00e1n \u0111o\u1ea1n v\u1ec1 s\u1eed d\u1ee5ng c\u0169ng nh\u01b0 truy\u1ec1n d\u1eef li\u1ec7u v\u00e0 c\u00e1c v\u1ee5 vi\u1ec7c t\u01b0\u01a1ng t\u1ef1 (th\u1eadm ch\u00ed n\u1ebfu v\u1ee5 vi\u1ec7c x\u1ea3y ra, VNE s\u1ebd c\u00f3 quy\u1ec1n \u0111\u01b0\u1ee3c th\u00f4ng b\u00e1o v\u1ec1 nh\u1eefng t\u1ed5n th\u1ea5t n\u00e0y). <br \/>B\u1ea1n c\u0169ng \u0111\u1ed3ng \u00fd r\u1eb1ng kh\u00f4ng c\u00f3 tr\u01b0\u1eddng h\u1ee3p VNE ph\u1ea3i ch\u1ecbu tr\u00e1ch nhi\u1ec7m b\u1ed3i th\u01b0\u1eddng v\u01b0\u1ee3t qu\u00e1 t\u1ed5ng s\u1ed1 ti\u1ec1n d\u1ecbch v\u1ee5 h\u00e0ng th\u00e1ng. \u0110\u1ed1i v\u1edbi tr\u01b0\u1eddng h\u1ee3p d\u1ecbch v\u1ee5 \u0111\u01b0\u1ee3c cung c\u1ea5p mi\u1ec5n ph\u00ed, VNE s\u1ebd kh\u00f4ng c\u00f3 tr\u00e1ch nhi\u1ec7m ph\u00e1p l\u00fd n\u00e0o \u0111\u1ed1i v\u1edbi b\u1ea1n. <br \/>H\u1ea1n ch\u1ebf v\u1ec1 m\u1eb7t n\u1ed9i dung <br \/>T\u1ea5t c\u1ea3 c\u00e1c n\u1ed9i dung th\u00f4ng tin do kh\u00e1ch h\u00e0ng cung c\u1ea5p ho\u1eb7c trao \u0111\u1ed5i v\u1edbi VNE trong qu\u00e1 tr\u00ecnh s\u1eed d\u1ee5ng d\u1ecbch v\u1ee5 s\u1ebd kh\u00f4ng \u0111\u01b0\u1ee3c vi ph\u1ea1m b\u1ea5t k\u1ef3 m\u1ed9t h\u1ea1n ch\u1ebf n\u00e0o d\u01b0\u1edbi \u0111\u00e2y. Tr\u01b0\u1eddng h\u1ee3p kh\u00e1ch h\u00e0ng c\u1ed1 t\u00ecnh vi ph\u1ea1m c\u00e1c h\u1ea1n ch\u1ebf n\u00e0y, ch\u00fang t\u00f4i c\u00f3 quy\u1ec1n ch\u1ea5m d\u1ee9t c\u00e1c r\u00e0ng bu\u1ed9c ph\u00e1p l\u00fd v\u00e0 d\u1ecbch v\u1ee5 v\u1edbi kh\u00e1ch h\u00e0ng.<br \/>1. Hi\u1ec3n th\u1ecb ho\u1eb7c qu\u1ea3ng b\u00e1 th\u00f4ng tin t\u1ee5c t\u0129u, khi\u1ebfm nh\u00e3, khi\u00eau d\u00e2m ho\u1eb7c ti\u1ebfp tay cho c\u00e1c h\u00e0nh vi t\u00ecnh d\u1ee5c r\u00f5 r\u00e0ng.<br \/>2. Th\u00fac \u0111\u1ea9y l\u1ea1m d\u1ee5ng, \u0111e d\u1ecda, h\u1eadn th\u00f9 g\u00e2y h\u1ea1i, qu\u1ea5y r\u1ed1i, h\u00e0nh vi, b\u00f4i nh\u1ecd ho\u1eb7c b\u1ea1o l\u1ef1c.<br \/>3. X\u00e2m ph\u1ea1m quy\u1ec1n s\u1edf h\u1eefu tr\u00ed tu\u1ec7 c\u1ee7a b\u00ean th\u1ee9 ba.<br \/>4. Cung c\u1ea5p th\u00f4ng tin sai, g\u00e2y hi\u1ec3u l\u1ea7m ho\u1eb7c kh\u00f4ng ch\u00ednh x\u00e1c.<br \/>5. Hack ho\u1eb7c s\u1eeda \u0111\u1ed5i D\u1ecbch v\u1ee5 sai h\u00e0m \u00fd c\u1ee7a VNE.<br \/>6. Ti\u1ebft l\u1ed9 ho\u1eb7c hack th\u00f4ng tin \u0111\u0103ng nh\u1eadp c\u00e1 nh\u00e2n, bao g\u1ed3m, nh\u01b0ng kh\u00f4ng gi\u1edbi h\u1ea1n v\u00e0o m\u1eadt kh\u1ea9u m\u00e0 kh\u00f4ng c\u00f3 s\u1ef1 cho ph\u00e9p c\u1ee7a c\u00e1 nh\u00e2n ho\u1eb7c t\u1ed5 ch\u1ee9c \u0111\u00e3 cung c\u1ea5p n\u00f3 cho b\u1ea1n.<br \/>7. Truy\u1ec1n t\u1ea3i virus ho\u1eb7c ph\u1ea7n m\u1ec1m \u0111\u1ed9c h\u1ea1i<br \/>8. G\u1eedi th\u01b0 r\u00e1c, mail kh\u00f4ng mong mu\u1ed1n hay th\u01b0 spam<br \/>9. Thu th\u1eadp th\u00f4ng tin ho\u1eb7c n\u1ed9i dung c\u00e1 nh\u00e2n c\u1ee7a ng\u01b0\u1eddi d\u00f9ng th\u00f4ng qua vi\u1ec7c s\u1eed d\u1ee5ng VNE c\u00f9ng c\u00e1c d\u1ecbch v\u1ee5 hay ph\u01b0\u01a1ng ti\u1ec7n t\u1ef1 \u0111\u1ed9ng m\u00e0 kh\u00f4ng c\u00f3 s\u1ef1 cho ph\u00e9p c\u1ee7a ch\u00fang t\u00f4i.<br \/>10. X\u00fac ti\u1ebfn, x\u00e1c nh\u1eadn, ph\u00e2n ph\u1ed1i, xu\u1ea5t b\u1ea3n, ho\u1eb7c g\u1eedi b\u1ea5t k\u1ef3 t\u00e0i li\u1ec7u n\u00e0o \u0111\u1ec3 bi\u1ec3n th\u1ee7, l\u1eeba \u0111\u1ea3o g\u00e2y qu\u1ef9 v\u1edbi kh\u00e1ch truy c\u1eadp th\u00f4ng qua vi\u1ec7c s\u1eed d\u1ee5ng VNE R\u1ea5t ti\u1ebfc, hi\u1ec7n nay ch\u00fang t\u00f4i kh\u00f4ng th\u1ec3 ki\u1ec3m so\u00e1t t\u1ea5t c\u1ea3 c\u00e1c n\u1ed9i dung \u0111\u0103ng t\u1ea3i do c\u00e1c b\u00ean th\u1ee9 ba s\u1eed d\u1ee5ng d\u1ecbch v\u1ee5, ch\u00fang t\u00f4i c\u0169ng kh\u00f4ng c\u00f3 ngh\u0129a v\u1ee5 gi\u00e1m s\u00e1t D\u1ecbch v\u1ee5, v\u00ec th\u1ebf ch\u00fang t\u00f4i kh\u00f4ng \u0111\u1ea3m b\u1ea3o t\u00ednh ch\u00ednh x\u00e1c, nguy\u00ean v\u1eb9n v\u1ec1 ch\u1ea5t l\u01b0\u1ee3ng c\u1ee7a n\u1ed9i dung \u0111\u00f3.<br \/>Tuy nhi\u00ean, ch\u00fang t\u00f4i ch\u1eafc ch\u1eafn r\u1eb1ng trong m\u1ecdi tr\u01b0\u1eddng h\u1ee3p s\u1ebd VNE ch\u1ecbu tr\u00e1ch nhi\u1ec7m v\u1ec1 b\u1ea5t k\u1ef3 n\u1ed9i dung n\u00e0o, bao g\u1ed3m b\u1ea5t k\u1ef3 l\u1ed7i ho\u1eb7c thi\u1ebfu s\u00f3t trong n\u1ed9i dung, hay b\u1ea5t k\u1ef3 t\u1ed5n th\u1ea5t ho\u1eb7c thi\u1ec7t h\u1ea1i d\u01b0\u1edbi m\u1ecdi h\u00ecnh th\u1ee9c ph\u00e1t sinh n\u00e0o do ch\u00ednh VNE g\u00e2y ra. B\u1ea1n c\u0169ng \u0111\u1ed3ng \u00fd r\u1eb1ng ph\u1ea3i \u0111\u00e1nh gi\u00e1 v\u00e0 ch\u1ecbu t\u1ea5t c\u1ea3 c\u00e1c r\u1ee7i ro li\u00ean quan \u0111\u1ebfn vi\u1ec7c s\u1eed d\u1ee5ng n\u1ed9i dung, t\u00ednh to\u00e0n v\u1eb9n, v\u00e0 t\u00ednh ch\u00ednh x\u00e1c c\u1ee7a n\u1ed9i dung \u0111\u00f3. <br \/>D\u1ecbch v\u1ee5 v\u1edbi b\u00ean th\u1ee9 ba<br \/>B\u1ea1n c\u00f3 th\u1ec3 cho b\u00ean th\u1ee9 ba truy c\u1eadp v\u00e0o t\u00e0i kho\u1ea3n c\u1ee7a b\u1ea1n \u0111\u1ec3 ti\u1ebfp nh\u1eadn th\u00eam c\u00e1c s\u1ea3n ph\u1ea9m, d\u1ecbch v\u1ee5 ho\u1eb7c lao \u0111\u1ed9ng, tuy nhi\u00ean b\u1ea1n ph\u1ea3i th\u1eeba nh\u1eadn v\u00e0 \u0111\u1ed3ng \u00fd r\u1eb1ng b\u1ea1n l\u00e0 ng\u01b0\u1eddi duy nh\u1ea5t ch\u1ecbu tr\u00e1ch nhi\u1ec7m cho nh\u1eefng h\u00e0nh \u0111\u1ed9ng c\u1ee7a c\u00e1c b\u00ean th\u1ee9 ba v\u00e0 c\u0169ng nh\u01b0 ch\u1ecbu r\u00e0ng bu\u1ed9c v\u1ec1 c\u00e1c \u0111i\u1ec1u kho\u1ea3n c\u1ee7a b\u00ean th\u1ee9 ba. <br \/>Ch\u1ea5m d\u1ee9t d\u1ecbch v\u1ee5<br \/>1. B\u1ea1n c\u00f3 th\u1ec3 h\u1ee7y ho\u1eb7c k\u1ebft th\u00fac d\u1ecbch v\u1ee5 c\u1ee7a b\u1ea1n b\u1ea5t c\u1ee9 l\u00fac n\u00e0o. Vi\u1ec7c \u0111\u00f3ng t\u00e0i kho\u1ea3n c\u00f3 ngh\u0129a l\u00e0 vi\u1ec7c ti\u1ebfp t\u1ee5c s\u1eed d\u1ee5ng d\u1ecbch v\u1ee5 v\u1edbi c\u00f9ng v\u1edbi t\u00e0i kho\u1ea3n v\u00e0 m\u1eadt kh\u1ea9u s\u1ebd kh\u00f4ng c\u00f2n hi\u1ec7u l\u1ef1c.<br \/>2. B\u1ea1n ho\u00e0n to\u00e0n ch\u1ecbu tr\u00e1ch nhi\u1ec7m v\u1ec1 vi\u1ec7c \u0111\u01a1n ph\u01b0\u01a1ng k\u1ebft th\u00fac t\u00e0i kho\u1ea3n c\u1ee7a b\u1ea1n. VNE ho\u00e0n to\u00e0n kh\u00f4ng ch\u1ecbu tr\u00e1ch nhi\u1ec7m thanh to\u00e1n cho vi\u1ec7c k\u1ebft th\u00fac t\u00e0i kho\u1ea3n tr\u01b0\u1edbc h\u1ea1n s\u1eed d\u1ee5ng.<br \/>3. VNE c\u00f3 quy\u1ec1n s\u1eeda \u0111\u1ed5i ho\u1eb7c ch\u1ea5m d\u1ee9t c\u00e1c d\u1ecbch v\u1ee5 hi\u1ec7n t\u1ea1i ho\u1eb7c trong t\u01b0\u01a1ng lai v\u1edbi b\u1ea5t k\u1ef3 l\u00fd do, b\u1ea5t k\u1ef3 l\u00fac n\u00e0o.<br \/>4. Kh\u00f4ng b\u1ecb gi\u1edbi h\u1ea1n b\u1edfi b\u1ea5t k\u00ec s\u1ef1 b\u1ed3i th\u01b0\u1eddng n\u00e0o, VNE c\u00f3 th\u1ec3 \u0111\u00ecnh ch\u1ec9 ho\u1eb7c ch\u1ea5m d\u1ee9t t\u00e0i kho\u1ea3n c\u1ee7a b\u1ea1n v\u00ec l\u00fd do b\u1ea1n vi ph\u1ea1m c\u00e1c quy \u0111\u1ecbnh c\u1ee7a \u0111i\u1ec1u kho\u1ea3n v\u00e0 \u0111i\u1ec1u ki\u1ec7n ho\u1eb7c s\u1eed d\u1ee5ng tr\u00e1i ph\u00e9p c\u00e1c d\u1ecbch v\u1ee5 cung c\u1ea5p. <br \/>S\u1ef1 b\u1ed3i th\u01b0\u1eddng<br \/>V\u1edbi vi\u1ec7c s\u1eed d\u1ee5ng d\u1ecbch v\u1ee5, b\u1ea1n \u0111\u1ed3ng \u00fd b\u1ed3i th\u01b0\u1eddng v\u00e0 kh\u00f4ng l\u00e0m t\u1ed5n h\u1ea1i nh\u00e2n vi\u00ean, gi\u00e1m \u0111\u1ed1c, \u0111\u1ea1i l\u00fd v\u00e0 c\u00e1c b\u00ean th\u1ee9 ba hay danh ti\u1ebfng c\u1ee7a VNE, kh\u00f4ng g\u00e2y b\u1ea5t k\u00ec t\u1ed5n h\u1ea1i n\u00e0o th\u00f4ng qua khi\u1ebfu n\u1ea1i, t\u1ed1 t\u1ee5ng v\u1ec1 t\u1ed5n th\u1ea5t, chi ph\u00ed, c\u00f4ng n\u1ee3 (bao g\u1ed3m c\u1ea3 chi ph\u00ed s\u1eed d\u1ee5ng v\u00e0 chi ph\u00ed lu\u1eadt s\u01b0) li\u00ean quan \u0111\u1ebfn ho\u1eb7c ph\u00e1t sinh t\u1eeb vi\u1ec7c k\u1ebft n\u1ed1i hay s\u1eed d\u1ee5ng c\u00e1c d\u1ecbch v\u1ee5, bao g\u1ed3m nh\u01b0ng kh\u00f4ng gi\u1edbi h\u1ea1n do b\u1ea1n vi ph\u1ea1m c\u00e1c \u0110i\u1ec1u kho\u1ea3n v\u00e0 chi ph\u00ed khi\u1ebfu n\u1ea1i ph\u00e1t sinh t\u1eeb n\u1ed9i dung b\u1ea1n g\u1eedi, \u0111\u0103ng, truy\u1ec1n ph\u00e1t khi s\u1eed d\u1ee5ng D\u1ecbch v\u1ee5.<\/p>\t\t\t\t\t\t<\/div>\n\t\t\t\t<\/div>\n\t\t\t\t\t<\/div>\n\t\t<\/div>\n\t\t\t\t\t\t\t<\/div>\n\t\t<\/section>\n\t\t\t\t\t\t\t<\/div>\n\t\t","protected":false},"excerpt":{"rendered":"<p>B\u1eb1ng vi\u1ec7c \u0111\u0103ng k\u00fd s\u1eed d\u1ee5ng c\u00e1c d\u1ecbch v\u1ee5 c\u1ee7a VNE (d\u01b0\u1edbi \u0111\u00e2y t\u1eaft l\u00e0 &#8220;d\u1ecbch v\u1ee5&#8221;), b\u1ea1n \u0111\u1ed3ng \u00fd v\u1edbi c\u00e1c \u0111i\u1ec1u kho\u1ea3n v\u00e0 \u0111i\u1ec1u ki\u1ec7n sau \u0111\u00e2y (g\u1ecdi chung l\u00e0 &#8220;\u0110i\u1ec1u kho\u1ea3n s\u1eed d\u1ee5ng&#8221;). VNE c\u00f3 quy\u1ec1n ch\u1ec9nh s\u1eeda, c\u1eadp nh\u1eadt c\u00e1c quy \u0111\u1ecbnh v\u00e0 \u0111i\u1ec1u ki\u1ec7n n\u00e0y b\u1ea5t c\u1ee9 l\u00fac n\u00e0o m\u00e0 [&hellip;]<\/p>\n","protected":false},"author":1,"featured_media":0,"parent":0,"menu_order":0,"comment_status":"closed","ping_status":"closed","template":"","meta":{"footnotes":""},"class_list":["post-25","page","type-page","status-publish","hentry"],"_links":{"self":[{"href":"https:\/\/vne-led.vn\/index.php\/wp-json\/wp\/v2\/pages\/25","targetHints":{"allow":["GET"]}}],"collection":[{"href":"https:\/\/vne-led.vn\/index.php\/wp-json\/wp\/v2\/pages"}],"about":[{"href":"https:\/\/vne-led.vn\/index.php\/wp-json\/wp\/v2\/types\/page"}],"author":[{"embeddable":true,"href":"https:\/\/vne-led.vn\/index.php\/wp-json\/wp\/v2\/users\/1"}],"replies":[{"embeddable":true,"href":"https:\/\/vne-led.vn\/index.php\/wp-json\/wp\/v2\/comments?post=25"}],"version-history":[{"count":11,"href":"https:\/\/vne-led.vn\/index.php\/wp-json\/wp\/v2\/pages\/25\/revisions"}],"predecessor-version":[{"id":882,"href":"https:\/\/vne-led.vn\/index.php\/wp-json\/wp\/v2\/pages\/25\/revisions\/882"}],"wp:attachment":[{"href":"https:\/\/vne-led.vn\/index.php\/wp-json\/wp\/v2\/media?parent=25"}],"curies":[{"name":"wp","href":"https:\/\/api.w.org\/{rel}","templated":true}]}}