{"id":29,"date":"2022-07-29T10:32:07","date_gmt":"2022-07-29T10:32:07","guid":{"rendered":"https:\/\/vne-led.vn\/?page_id=29"},"modified":"2023-08-11T08:17:06","modified_gmt":"2023-08-11T08:17:06","slug":"quy-dinh-va-hinh-thuc-thanh-toan","status":"publish","type":"page","link":"https:\/\/vne-led.vn\/index.php\/quy-dinh-va-hinh-thuc-thanh-toan\/","title":{"rendered":"Quy \u0111\u1ecbnh v\u00e0 h\u00ecnh th\u1ee9c thanh to\u00e1n"},"content":{"rendered":"\t\t<div data-elementor-type=\"wp-page\" data-elementor-id=\"29\" class=\"elementor elementor-29\">\n\t\t\t\t\t\t\t\t\t<section class=\"elementor-section elementor-top-section elementor-element elementor-element-f0bcb5a elementor-section-boxed elementor-section-height-default elementor-section-height-default\" data-id=\"f0bcb5a\" data-element_type=\"section\">\n\t\t\t\t\t\t<div class=\"elementor-container elementor-column-gap-default\">\n\t\t\t\t\t<div class=\"elementor-column elementor-col-100 elementor-top-column elementor-element elementor-element-9f1591a\" data-id=\"9f1591a\" data-element_type=\"column\">\n\t\t\t<div class=\"elementor-widget-wrap elementor-element-populated\">\n\t\t\t\t\t\t\t\t<div class=\"elementor-element elementor-element-bf1ebda elementor-widget elementor-widget-text-editor\" data-id=\"bf1ebda\" data-element_type=\"widget\" data-widget_type=\"text-editor.default\">\n\t\t\t\t<div class=\"elementor-widget-container\">\n\t\t\t<style>\/*! elementor - v3.6.8 - 27-07-2022 *\/\n.elementor-widget-text-editor.elementor-drop-cap-view-stacked .elementor-drop-cap{background-color:#818a91;color:#fff}.elementor-widget-text-editor.elementor-drop-cap-view-framed .elementor-drop-cap{color:#818a91;border:3px solid;background-color:transparent}.elementor-widget-text-editor:not(.elementor-drop-cap-view-default) .elementor-drop-cap{margin-top:8px}.elementor-widget-text-editor:not(.elementor-drop-cap-view-default) .elementor-drop-cap-letter{width:1em;height:1em}.elementor-widget-text-editor .elementor-drop-cap{float:left;text-align:center;line-height:1;font-size:50px}.elementor-widget-text-editor .elementor-drop-cap-letter{display:inline-block}<\/style>\t\t\t\t<table width=\"202\"><tbody><tr><td width=\"202\"><p>Ph\u01b0\u01a1ng th\u1ee9c 1 &#8211; Thanh to\u00e1n qua ng\u00e2n h\u00e0ng<\/p><p>Ph\u01b0\u01a1ng th\u1ee9c 2 &#8211; Thanh to\u00e1n tr\u1ef1c ti\u1ebfp qua thu ng\u00e2n<\/p><p>Vui l\u00f2ng li\u00ean h\u1ec7 0912926688 g\u1eb7p Ms Trang (H\u00e0 Minh Trang).<\/p><\/td><\/tr><\/tbody><\/table>\t\t\t\t\t\t<\/div>\n\t\t\t\t<\/div>\n\t\t\t\t\t<\/div>\n\t\t<\/div>\n\t\t\t\t\t\t\t<\/div>\n\t\t<\/section>\n\t\t\t\t\t\t\t<\/div>\n\t\t","protected":false},"excerpt":{"rendered":"<p>Ph\u01b0\u01a1ng th\u1ee9c 1 &#8211; Thanh to\u00e1n qua ng\u00e2n h\u00e0ng Ph\u01b0\u01a1ng th\u1ee9c 2 &#8211; Thanh to\u00e1n tr\u1ef1c ti\u1ebfp qua thu ng\u00e2n Vui l\u00f2ng li\u00ean h\u1ec7 0912926688 g\u1eb7p Ms Trang (H\u00e0 Minh Trang).<\/p>\n","protected":false},"author":1,"featured_media":0,"parent":0,"menu_order":0,"comment_status":"closed","ping_status":"closed","template":"","meta":{"footnotes":""},"class_list":["post-29","page","type-page","status-publish","hentry"],"_links":{"self":[{"href":"https:\/\/vne-led.vn\/index.php\/wp-json\/wp\/v2\/pages\/29","targetHints":{"allow":["GET"]}}],"collection":[{"href":"https:\/\/vne-led.vn\/index.php\/wp-json\/wp\/v2\/pages"}],"about":[{"href":"https:\/\/vne-led.vn\/index.php\/wp-json\/wp\/v2\/types\/page"}],"author":[{"embeddable":true,"href":"https:\/\/vne-led.vn\/index.php\/wp-json\/wp\/v2\/users\/1"}],"replies":[{"embeddable":true,"href":"https:\/\/vne-led.vn\/index.php\/wp-json\/wp\/v2\/comments?post=29"}],"version-history":[{"count":7,"href":"https:\/\/vne-led.vn\/index.php\/wp-json\/wp\/v2\/pages\/29\/revisions"}],"predecessor-version":[{"id":875,"href":"https:\/\/vne-led.vn\/index.php\/wp-json\/wp\/v2\/pages\/29\/revisions\/875"}],"wp:attachment":[{"href":"https:\/\/vne-led.vn\/index.php\/wp-json\/wp\/v2\/media?parent=29"}],"curies":[{"name":"wp","href":"https:\/\/api.w.org\/{rel}","templated":true}]}}