{"id":2071,"date":"2023-12-27T10:25:45","date_gmt":"2023-12-27T10:25:45","guid":{"rendered":"https:\/\/vne-led.vn\/?post_type=product&#038;p=2071"},"modified":"2024-03-16T17:04:22","modified_gmt":"2024-03-16T17:04:22","slug":"bong-tru-cong-suat-lon-30w-anh-sang-vang-nhan-vne","status":"publish","type":"product","link":"https:\/\/vne-led.vn\/index.php\/product\/bong-tru-cong-suat-lon-30w-anh-sang-vang-nhan-vne\/","title":{"rendered":"B\u00f3ng tr\u1ee5 c\u00f4ng su\u1ea5t l\u1edbn 30W, \u00e1nh s\u00e1ng v\u00e0ng, nh\u00e3n VNE"},"content":{"rendered":"<p>C\u00f4ng su\u1ea5t (Watt): 30<br \/>\nQuang th\u00f4ng (lm): 3000<br \/>\n\u0110i\u1ec7n \u00e1p (V): 100-240<br \/>\n\u0110ui\/L\u1ed7 kho\u00e9t: E27<br \/>\nPF: >0.5<br \/>\nHo\u00e0n m\u00e0u (RA or CRI): >80<br \/>\n\u00c1nh s\u00e1ng (K): 3000<br \/>\nTu\u1ed5i th\u1ecd (Gi\u1edd): 25000<br \/>\nNhi\u1ec7t \u0111\u1ed9 l\u00e0m vi\u1ec7c (\u2103 ):  -25\u2103-45\u2103<br \/>\nC\u00f4ng ngh\u1ec7: EMC<\/p>\n","protected":false},"excerpt":{"rendered":"<p>C\u00f4ng su\u1ea5t (Watt): 30<br \/>\nQuang th\u00f4ng (lm): 3000<br \/>\n\u0110i\u1ec7n \u00e1p (V): 100-240<br \/>\n\u0110ui\/L\u1ed7 kho\u00e9t: E27<br \/>\nPF: >0.5<br \/>\nHo\u00e0n m\u00e0u (RA or CRI): >80<br \/>\n\u00c1nh s\u00e1ng (K): 3000<br \/>\nTu\u1ed5i th\u1ecd (Gi\u1edd): 25000<br \/>\nNhi\u1ec7t \u0111\u1ed9 l\u00e0m vi\u1ec7c (\u2103 ):  -25\u2103-45\u2103<br \/>\nC\u00f4ng ngh\u1ec7: EMC<\/p>\n","protected":false},"featured_media":1619,"comment_status":"open","ping_status":"closed","template":"","meta":[],"product_cat":[21,23],"product_tag":[],"class_list":["post-2071","product","type-product","status-publish","has-post-thumbnail","hentry","product_cat-den-vne","product_cat-den-led-dan-dung"],"_links":{"self":[{"href":"https:\/\/vne-led.vn\/index.php\/wp-json\/wp\/v2\/product\/2071","targetHints":{"allow":["GET"]}}],"collection":[{"href":"https:\/\/vne-led.vn\/index.php\/wp-json\/wp\/v2\/product"}],"about":[{"href":"https:\/\/vne-led.vn\/index.php\/wp-json\/wp\/v2\/types\/product"}],"replies":[{"embeddable":true,"href":"https:\/\/vne-led.vn\/index.php\/wp-json\/wp\/v2\/comments?post=2071"}],"wp:featuredmedia":[{"embeddable":true,"href":"https:\/\/vne-led.vn\/index.php\/wp-json\/wp\/v2\/media\/1619"}],"wp:attachment":[{"href":"https:\/\/vne-led.vn\/index.php\/wp-json\/wp\/v2\/media?parent=2071"}],"wp:term":[{"taxonomy":"product_cat","embeddable":true,"href":"https:\/\/vne-led.vn\/index.php\/wp-json\/wp\/v2\/product_cat?post=2071"},{"taxonomy":"product_tag","embeddable":true,"href":"https:\/\/vne-led.vn\/index.php\/wp-json\/wp\/v2\/product_tag?post=2071"}],"curies":[{"name":"wp","href":"https:\/\/api.w.org\/{rel}","templated":true}]}}