{"id":2089,"date":"2023-12-27T10:25:50","date_gmt":"2023-12-27T10:25:50","guid":{"rendered":"https:\/\/vne-led.vn\/?post_type=product&#038;p=2089"},"modified":"2024-03-16T16:35:55","modified_gmt":"2024-03-16T16:35:55","slug":"bong-led-tron-1w-nhan-vne-mau-vang-dui-e27","status":"publish","type":"product","link":"https:\/\/vne-led.vn\/index.php\/product\/bong-led-tron-1w-nhan-vne-mau-vang-dui-e27\/","title":{"rendered":"B\u00f3ng LED Tr\u00f2n &#8211; 1W  nh\u00e3n VNE, m\u00e0u v\u00e0ng, \u0111ui E27"},"content":{"rendered":"<p>C\u00f4ng su\u1ea5t (Watt): 1<br \/>\nQuang th\u00f4ng (lm): 100<br \/>\n\u0110i\u1ec7n \u00e1p (V): 100-240<br \/>\n\u0110ui\/L\u1ed7 kho\u00e9t: E27<br \/>\nPF: >0.5<br \/>\nHo\u00e0n m\u00e0u (RA or CRI): >80<br \/>\n\u00c1nh s\u00e1ng (K): 3000<br \/>\nTu\u1ed5i th\u1ecd (Gi\u1edd): 25000<br \/>\nNhi\u1ec7t \u0111\u1ed9 l\u00e0m vi\u1ec7c (\u2103 ):  -25\u2103-45\u2103<\/p>\n","protected":false},"excerpt":{"rendered":"<p>C\u00f4ng su\u1ea5t (Watt): 1<br \/>\nQuang th\u00f4ng (lm): 100<br \/>\n\u0110i\u1ec7n \u00e1p (V): 100-240<br \/>\n\u0110ui\/L\u1ed7 kho\u00e9t: E27<br \/>\nPF: >0.5<br \/>\nHo\u00e0n m\u00e0u (RA or CRI): >80<br \/>\n\u00c1nh s\u00e1ng (K): 3000<br \/>\nTu\u1ed5i th\u1ecd (Gi\u1edd): 25000<br \/>\nNhi\u1ec7t \u0111\u1ed9 l\u00e0m vi\u1ec7c (\u2103 ):  -25\u2103-45\u2103<\/p>\n","protected":false},"featured_media":1681,"comment_status":"open","ping_status":"closed","template":"","meta":[],"product_cat":[21,23],"product_tag":[],"class_list":["post-2089","product","type-product","status-publish","has-post-thumbnail","hentry","product_cat-den-vne","product_cat-den-led-dan-dung"],"_links":{"self":[{"href":"https:\/\/vne-led.vn\/index.php\/wp-json\/wp\/v2\/product\/2089","targetHints":{"allow":["GET"]}}],"collection":[{"href":"https:\/\/vne-led.vn\/index.php\/wp-json\/wp\/v2\/product"}],"about":[{"href":"https:\/\/vne-led.vn\/index.php\/wp-json\/wp\/v2\/types\/product"}],"replies":[{"embeddable":true,"href":"https:\/\/vne-led.vn\/index.php\/wp-json\/wp\/v2\/comments?post=2089"}],"wp:featuredmedia":[{"embeddable":true,"href":"https:\/\/vne-led.vn\/index.php\/wp-json\/wp\/v2\/media\/1681"}],"wp:attachment":[{"href":"https:\/\/vne-led.vn\/index.php\/wp-json\/wp\/v2\/media?parent=2089"}],"wp:term":[{"taxonomy":"product_cat","embeddable":true,"href":"https:\/\/vne-led.vn\/index.php\/wp-json\/wp\/v2\/product_cat?post=2089"},{"taxonomy":"product_tag","embeddable":true,"href":"https:\/\/vne-led.vn\/index.php\/wp-json\/wp\/v2\/product_tag?post=2089"}],"curies":[{"name":"wp","href":"https:\/\/api.w.org\/{rel}","templated":true}]}}