{"id":2095,"date":"2023-12-27T10:25:51","date_gmt":"2023-12-27T10:25:51","guid":{"rendered":"https:\/\/vne-led.vn\/?post_type=product&#038;p=2095"},"modified":"2025-04-13T11:18:25","modified_gmt":"2025-04-13T11:18:25","slug":"den-am-tran-8w-3-mau-mat-trang-tron-90-driver-tich-hop","status":"publish","type":"product","link":"https:\/\/vne-led.vn\/index.php\/product\/den-am-tran-8w-3-mau-mat-trang-tron-90-driver-tich-hop\/","title":{"rendered":"\u0110\u00e8n \u00c2m tr\u1ea7n 8W 3 m\u00e0u m\u1eb7t tr\u1eafng tr\u01a1n,\u03a690, driver t\u00edch h\u1ee3p"},"content":{"rendered":"<p>C\u00f4ng su\u1ea5t (Watt): 8<br \/>\nQuang th\u00f4ng (lm): 800<br \/>\n\u0110i\u1ec7n \u00e1p (V): 100-240<br \/>\n\u0110ui\/L\u1ed7 kho\u00e9t: \u03a690<br \/>\nPF: &gt;0.5<br \/>\nHo\u00e0n m\u00e0u (RA or CRI): \u226580<br \/>\n\u00c1nh s\u00e1ng (K): 3000-4500-6500<br \/>\nTu\u1ed5i th\u1ecd (Gi\u1edd): 25000<br \/>\nNhi\u1ec7t \u0111\u1ed9 l\u00e0m vi\u1ec7c (\u2103 ): -20\u2103-50\u2103<br \/>\nK\u00edch th\u01b0\u1edbc (mm): 120x75x86mm<\/p>\n","protected":false},"excerpt":{"rendered":"<p>C\u00f4ng su\u1ea5t (Watt): 8<br \/>\nQuang th\u00f4ng (lm): 800<br \/>\n\u0110i\u1ec7n \u00e1p (V): 100-240<br \/>\n\u0110ui\/L\u1ed7 kho\u00e9t: \u03a690<br \/>\nPF: &gt;0.5<br \/>\nHo\u00e0n m\u00e0u (RA or CRI): \u226580<br \/>\n\u00c1nh s\u00e1ng (K): 3000-4500-6500<br \/>\nTu\u1ed5i th\u1ecd (Gi\u1edd): 25000<br \/>\nNhi\u1ec7t \u0111\u1ed9 l\u00e0m vi\u1ec7c (\u2103 ): -20\u2103-50\u2103<br \/>\nK\u00edch th\u01b0\u1edbc (mm): 120x75x86mm<\/p>\n","protected":false},"featured_media":1852,"comment_status":"open","ping_status":"closed","template":"","meta":[],"product_cat":[21,23],"product_tag":[],"class_list":["post-2095","product","type-product","status-publish","has-post-thumbnail","hentry","product_cat-den-vne","product_cat-den-led-dan-dung"],"_links":{"self":[{"href":"https:\/\/vne-led.vn\/index.php\/wp-json\/wp\/v2\/product\/2095","targetHints":{"allow":["GET"]}}],"collection":[{"href":"https:\/\/vne-led.vn\/index.php\/wp-json\/wp\/v2\/product"}],"about":[{"href":"https:\/\/vne-led.vn\/index.php\/wp-json\/wp\/v2\/types\/product"}],"replies":[{"embeddable":true,"href":"https:\/\/vne-led.vn\/index.php\/wp-json\/wp\/v2\/comments?post=2095"}],"wp:featuredmedia":[{"embeddable":true,"href":"https:\/\/vne-led.vn\/index.php\/wp-json\/wp\/v2\/media\/1852"}],"wp:attachment":[{"href":"https:\/\/vne-led.vn\/index.php\/wp-json\/wp\/v2\/media?parent=2095"}],"wp:term":[{"taxonomy":"product_cat","embeddable":true,"href":"https:\/\/vne-led.vn\/index.php\/wp-json\/wp\/v2\/product_cat?post=2095"},{"taxonomy":"product_tag","embeddable":true,"href":"https:\/\/vne-led.vn\/index.php\/wp-json\/wp\/v2\/product_tag?post=2095"}],"curies":[{"name":"wp","href":"https:\/\/api.w.org\/{rel}","templated":true}]}}