{"id":2124,"date":"2023-12-27T10:25:57","date_gmt":"2023-12-27T10:25:57","guid":{"rendered":"https:\/\/vne-led.vn\/?post_type=product&#038;p=2124"},"modified":"2024-03-16T16:35:58","modified_gmt":"2024-03-16T16:35:58","slug":"bo-den-tube-led-t5-12w-900-mm-anh-sang-vang-nhan-vne","status":"publish","type":"product","link":"https:\/\/vne-led.vn\/index.php\/product\/bo-den-tube-led-t5-12w-900-mm-anh-sang-vang-nhan-vne\/","title":{"rendered":"B\u1ed9 \u0111\u00e8n tube LED T5, 12W, 900 mm, \u00e1nh s\u00e1ng v\u00e0ng , nh\u00e3n VNE"},"content":{"rendered":"<p>C\u00f4ng su\u1ea5t (Watt): 12<br \/>\nQuang th\u00f4ng (lm): 1200<br \/>\n\u0110i\u1ec7n \u00e1p (V): 170-240<br \/>\n\u0110ui\/L\u1ed7 kho\u00e9t:<br \/>\nPF: >0.5<br \/>\nHo\u00e0n m\u00e0u (RA or CRI): \u226580<br \/>\n\u00c1nh s\u00e1ng (K): 3000<br \/>\nTu\u1ed5i th\u1ecd (Gi\u1edd): 25000<br \/>\nNhi\u1ec7t \u0111\u1ed9 l\u00e0m vi\u1ec7c (\u2103 ):  -20\u2103-50\u2103<br \/>\nK\u00edch th\u01b0\u1edbc (mm): 900mm<\/p>\n","protected":false},"excerpt":{"rendered":"<p>C\u00f4ng su\u1ea5t (Watt): 12<br \/>\nQuang th\u00f4ng (lm): 1200<br \/>\n\u0110i\u1ec7n \u00e1p (V): 170-240<br \/>\n\u0110ui\/L\u1ed7 kho\u00e9t:<br \/>\nPF: >0.5<br \/>\nHo\u00e0n m\u00e0u (RA or CRI): \u226580<br \/>\n\u00c1nh s\u00e1ng (K): 3000<br \/>\nTu\u1ed5i th\u1ecd (Gi\u1edd): 25000<br \/>\nNhi\u1ec7t \u0111\u1ed9 l\u00e0m vi\u1ec7c (\u2103 ):  -20\u2103-50\u2103<br \/>\nK\u00edch th\u01b0\u1edbc (mm): 900mm<\/p>\n","protected":false},"featured_media":1941,"comment_status":"open","ping_status":"closed","template":"","meta":[],"product_cat":[21,23],"product_tag":[],"class_list":["post-2124","product","type-product","status-publish","has-post-thumbnail","hentry","product_cat-den-vne","product_cat-den-led-dan-dung"],"_links":{"self":[{"href":"https:\/\/vne-led.vn\/index.php\/wp-json\/wp\/v2\/product\/2124","targetHints":{"allow":["GET"]}}],"collection":[{"href":"https:\/\/vne-led.vn\/index.php\/wp-json\/wp\/v2\/product"}],"about":[{"href":"https:\/\/vne-led.vn\/index.php\/wp-json\/wp\/v2\/types\/product"}],"replies":[{"embeddable":true,"href":"https:\/\/vne-led.vn\/index.php\/wp-json\/wp\/v2\/comments?post=2124"}],"wp:featuredmedia":[{"embeddable":true,"href":"https:\/\/vne-led.vn\/index.php\/wp-json\/wp\/v2\/media\/1941"}],"wp:attachment":[{"href":"https:\/\/vne-led.vn\/index.php\/wp-json\/wp\/v2\/media?parent=2124"}],"wp:term":[{"taxonomy":"product_cat","embeddable":true,"href":"https:\/\/vne-led.vn\/index.php\/wp-json\/wp\/v2\/product_cat?post=2124"},{"taxonomy":"product_tag","embeddable":true,"href":"https:\/\/vne-led.vn\/index.php\/wp-json\/wp\/v2\/product_tag?post=2124"}],"curies":[{"name":"wp","href":"https:\/\/api.w.org\/{rel}","templated":true}]}}