{"id":787,"date":"2022-09-24T04:30:46","date_gmt":"2022-09-24T04:30:46","guid":{"rendered":"https:\/\/vne-led.vn\/?post_type=product&#038;p=787"},"modified":"2024-03-16T17:07:25","modified_gmt":"2024-03-16T17:07:25","slug":"den-ket-hop-tan-quang-trang-den","status":"publish","type":"product","link":"https:\/\/vne-led.vn\/index.php\/product\/den-ket-hop-tan-quang-trang-den\/","title":{"rendered":"\u0110e\u0300n k\u1ebft h\u1ee3p ta\u0301n quang (tr\u0103\u0301ng\/\u0111en)"},"content":{"rendered":"<p>\u0110\u01b0\u1ee3c trang b\u1ecb ph\u1ea3n quan b\u00ean trong \u0111\u00e8n s\u1ebd l\u00e0m \u00e1nh s\u00e1ng khu\u1ebfch t\u00e1n r\u1ed9ng v\u00e0 \u0111\u1ec1u kh\u1eafp kh\u00f4ng gian c\u1ee7a b\u1ea1n gi\u00fap ti\u1ebft ki\u1ec7m \u0111i\u1ec7n n\u0103ng cao h\u01a1n so v\u1edbi c\u00e1c b\u1ed9 \u0111\u00e8n truy\u1ec1n th\u1ed1ng.<\/p>\n<p><img loading=\"lazy\" decoding=\"async\" class=\"alignnone size-medium wp-image-219\" src=\"https:\/\/vne-led.vn\/wp-content\/uploads\/2022\/08\/De\u0300n-ke\u0301t-ho\u0323p-ta\u0301n-quang-tra\u0301ng-300x188.png\" alt=\"\" width=\"300\" height=\"188\" srcset=\"https:\/\/vne-led.vn\/wp-content\/uploads\/2022\/08\/De\u0300n-ke\u0301t-ho\u0323p-ta\u0301n-quang-tra\u0301ng-300x188.png 300w, https:\/\/vne-led.vn\/wp-content\/uploads\/2022\/08\/De\u0300n-ke\u0301t-ho\u0323p-ta\u0301n-quang-tra\u0301ng-768x480.png 768w, https:\/\/vne-led.vn\/wp-content\/uploads\/2022\/08\/De\u0300n-ke\u0301t-ho\u0323p-ta\u0301n-quang-tra\u0301ng-600x375.png 600w, https:\/\/vne-led.vn\/wp-content\/uploads\/2022\/08\/De\u0300n-ke\u0301t-ho\u0323p-ta\u0301n-quang-tra\u0301ng.png 800w\" sizes=\"auto, (max-width: 300px) 100vw, 300px\" \/> <img loading=\"lazy\" decoding=\"async\" class=\"alignnone size-medium wp-image-218\" src=\"https:\/\/vne-led.vn\/wp-content\/uploads\/2022\/08\/De\u0300n-ke\u0301t-ho\u0323p-ta\u0301n-quang-300x188.png\" alt=\"\" width=\"300\" height=\"188\" srcset=\"https:\/\/vne-led.vn\/wp-content\/uploads\/2022\/08\/De\u0300n-ke\u0301t-ho\u0323p-ta\u0301n-quang-300x188.png 300w, https:\/\/vne-led.vn\/wp-content\/uploads\/2022\/08\/De\u0300n-ke\u0301t-ho\u0323p-ta\u0301n-quang-768x480.png 768w, https:\/\/vne-led.vn\/wp-content\/uploads\/2022\/08\/De\u0300n-ke\u0301t-ho\u0323p-ta\u0301n-quang-600x375.png 600w, https:\/\/vne-led.vn\/wp-content\/uploads\/2022\/08\/De\u0300n-ke\u0301t-ho\u0323p-ta\u0301n-quang.png 800w\" sizes=\"auto, (max-width: 300px) 100vw, 300px\" \/> <img loading=\"lazy\" decoding=\"async\" class=\"alignnone size-medium wp-image-217\" src=\"https:\/\/vne-led.vn\/wp-content\/uploads\/2022\/08\/De\u0300n-ta\u0301n-quang-tra\u0301ng-300x188.png\" alt=\"\" width=\"300\" height=\"188\" srcset=\"https:\/\/vne-led.vn\/wp-content\/uploads\/2022\/08\/De\u0300n-ta\u0301n-quang-tra\u0301ng-300x188.png 300w, https:\/\/vne-led.vn\/wp-content\/uploads\/2022\/08\/De\u0300n-ta\u0301n-quang-tra\u0301ng-768x480.png 768w, https:\/\/vne-led.vn\/wp-content\/uploads\/2022\/08\/De\u0300n-ta\u0301n-quang-tra\u0301ng-600x375.png 600w, https:\/\/vne-led.vn\/wp-content\/uploads\/2022\/08\/De\u0300n-ta\u0301n-quang-tra\u0301ng.png 800w\" sizes=\"auto, (max-width: 300px) 100vw, 300px\" \/><\/p>\n<p>\u0110e\u0300n k\u1ebft h\u1ee3p ta\u0301n quang cho hi\u1ec7u qu\u1ea3 chi\u1ebfu s\u00e1ng ho\u00e0n to\u00e0n v\u01b0\u1ee3t tr\u1ed9i, th\u1ef1c hi\u1ec7n chi\u1ebfu s\u00e1ng \u0111\u1ed3ng th\u1eddi n\u00ean s\u1ea3n ph\u1ea9m s\u1ebd mang \u0111\u1ebfn ng\u01b0\u1eddi d\u00f9ng c\u01b0\u1eddng \u0111\u1ed9 \u00e1nh s\u00e1ng v\u00e0 di\u1ec7n t\u00edch chi\u1ebfu s\u00e1ng cao.\u00a0 H\u01a1n n\u1eefa v\u1edbi ch\u1ec9 s\u1ed1 ho\u00e0n m\u00e0u cao (CRI = 80Ra) n\u00ean m\u00e0u s\u1eafc \u00e1nh s\u00e1ng c\u1ee7a \u0111\u00e8n r\u1ea5t t\u1ef1 nhi\u00ean, trung th\u1ef1c \u00eam d\u1ecbu, t\u1ed1t cho th\u1ecb gi\u00e1c ng\u01b0\u1eddi s\u1eed d\u1ee5ng\u00a0theo c\u00e1c quy \u0111\u1ecbnh c\u1ee7a th\u1ebf gi\u1edbi.<\/p>\n<p>S\u1ea3n ph\u1ea9m th\u01b0\u1eddng \u0111\u01b0\u1ee3c l\u1eafp \u0111\u1eb7t t\u1ea1i v\u0103n ph\u00f2ng, si\u00eau th\u1ecb, b\u1ec7nh vi\u1ec7n, tr\u01b0\u1eddng h\u1ecdc, trung t\u00e2m tri\u1ec3n l\u00e3m,\u2026<\/p>\n<p><img loading=\"lazy\" decoding=\"async\" class=\"alignnone wp-image-216\" src=\"https:\/\/vne-led.vn\/wp-content\/uploads\/2022\/08\/DE\u0300N-KE\u0301T-HO\u0323P-TA\u0301N-QUANG-DEN-300x149.jpg\" alt=\"\" width=\"320\" height=\"159\" srcset=\"https:\/\/vne-led.vn\/wp-content\/uploads\/2022\/08\/DE\u0300N-KE\u0301T-HO\u0323P-TA\u0301N-QUANG-DEN-300x149.jpg 300w, https:\/\/vne-led.vn\/wp-content\/uploads\/2022\/08\/DE\u0300N-KE\u0301T-HO\u0323P-TA\u0301N-QUANG-DEN.jpg 364w\" sizes=\"auto, (max-width: 320px) 100vw, 320px\" \/><\/p>\n","protected":false},"excerpt":{"rendered":"<p>\u0110\u01b0\u1ee3c trang b\u1ecb ph\u1ea3n quan b\u00ean trong \u0111\u00e8n s\u1ebd l\u00e0m \u00e1nh s\u00e1ng khu\u1ebfch t\u00e1n r\u1ed9ng v\u00e0 \u0111\u1ec1u kh\u1eafp kh\u00f4ng gian c\u1ee7a b\u1ea1n gi\u00fap ti\u1ebft ki\u1ec7m \u0111i\u1ec7n n\u0103ng cao h\u01a1n so v\u1edbi c\u00e1c b\u1ed9 \u0111\u00e8n truy\u1ec1n th\u1ed1ng.<\/p>\n","protected":false},"featured_media":499,"comment_status":"open","ping_status":"closed","template":"","meta":[],"product_cat":[22],"product_tag":[],"class_list":["post-787","product","type-product","status-publish","has-post-thumbnail","hentry","product_cat-den-led-ray-nam-cham"],"_links":{"self":[{"href":"https:\/\/vne-led.vn\/index.php\/wp-json\/wp\/v2\/product\/787","targetHints":{"allow":["GET"]}}],"collection":[{"href":"https:\/\/vne-led.vn\/index.php\/wp-json\/wp\/v2\/product"}],"about":[{"href":"https:\/\/vne-led.vn\/index.php\/wp-json\/wp\/v2\/types\/product"}],"replies":[{"embeddable":true,"href":"https:\/\/vne-led.vn\/index.php\/wp-json\/wp\/v2\/comments?post=787"}],"wp:featuredmedia":[{"embeddable":true,"href":"https:\/\/vne-led.vn\/index.php\/wp-json\/wp\/v2\/media\/499"}],"wp:attachment":[{"href":"https:\/\/vne-led.vn\/index.php\/wp-json\/wp\/v2\/media?parent=787"}],"wp:term":[{"taxonomy":"product_cat","embeddable":true,"href":"https:\/\/vne-led.vn\/index.php\/wp-json\/wp\/v2\/product_cat?post=787"},{"taxonomy":"product_tag","embeddable":true,"href":"https:\/\/vne-led.vn\/index.php\/wp-json\/wp\/v2\/product_tag?post=787"}],"curies":[{"name":"wp","href":"https:\/\/api.w.org\/{rel}","templated":true}]}}