{"id":794,"date":"2022-09-24T04:30:47","date_gmt":"2022-09-24T04:30:47","guid":{"rendered":"https:\/\/vne-led.vn\/?post_type=product&#038;p=794"},"modified":"2024-03-16T17:07:25","modified_gmt":"2024-03-16T17:07:25","slug":"den-goc-tieu-diem-trang","status":"publish","type":"product","link":"https:\/\/vne-led.vn\/index.php\/product\/den-goc-tieu-diem-trang\/","title":{"rendered":"\u0110e\u0300n go\u0301c ti\u00eau \u0111i\u00ea\u0309m tr\u0103\u0301ng"},"content":{"rendered":"<p>Ti\u1ebft ki\u1ec7m \u0111i\u1ec7n n\u0103ng: B\u1ed9 ngu\u1ed3n \u0111\u01b0\u1ee3c t\u1ed1i \u01b0u h\u00f3a, chip LED cao c\u1ea5p v\u00e0 h\u1ec7 th\u1ed1ng t\u1ea3n nhi\u1ec7t hi\u1ec7u qu\u1ea3 gi\u00fap \u0111\u00e8n g\u00f3c t\u00e1n quang ti\u1ebft ki\u1ec7m \u0111i\u1ec7n n\u0103ng. So v\u1edbi c\u00e1c lo\u1ea1i \u0111\u00e8n truy\u1ec1n th\u1ed1ng, ch\u00fang th\u01b0\u1eddng c\u00f3 th\u1ec3 ti\u1ebft ki\u1ec7m \u0111\u1ebfn 80% \u0111i\u1ec7n n\u0103ng.<br \/>\nM\u00e0u s\u1eafc thi\u1ebft k\u1ebf c\u01a1 b\u1ea3n: Tr\u1eafng, \u0110en<\/p>\n<p><img loading=\"lazy\" decoding=\"async\" class=\"alignnone wp-image-309\" src=\"https:\/\/vne-led.vn\/wp-content\/uploads\/2022\/08\/DE\u0300N-GO\u0301C-TIEU-DIE\u0309M-TRA\u0301NG-300x100.jpg\" alt=\"\" width=\"489\" height=\"163\" srcset=\"https:\/\/vne-led.vn\/wp-content\/uploads\/2022\/08\/DE\u0300N-GO\u0301C-TIEU-DIE\u0309M-TRA\u0301NG-300x100.jpg 300w, https:\/\/vne-led.vn\/wp-content\/uploads\/2022\/08\/DE\u0300N-GO\u0301C-TIEU-DIE\u0309M-TRA\u0301NG.jpg 323w\" sizes=\"auto, (max-width: 489px) 100vw, 489px\" \/><\/p>\n","protected":false},"excerpt":{"rendered":"<p>\u1ee8ng d\u1ee5ng: V\u1edbi s\u1ef1 thi\u1ebft g\u1ecdn nh\u1eb9, ch\u1eafc ch\u1eafn v\u00e0 \u0111\u1ed9 b\u00ean cao, \u0111\u00e8n led ti\u00eau \u0111i\u1ec3m g\u1eafn g\u00f3c<\/p>\n","protected":false},"featured_media":497,"comment_status":"open","ping_status":"closed","template":"","meta":[],"product_cat":[22],"product_tag":[],"class_list":["post-794","product","type-product","status-publish","has-post-thumbnail","hentry","product_cat-den-led-ray-nam-cham"],"_links":{"self":[{"href":"https:\/\/vne-led.vn\/index.php\/wp-json\/wp\/v2\/product\/794","targetHints":{"allow":["GET"]}}],"collection":[{"href":"https:\/\/vne-led.vn\/index.php\/wp-json\/wp\/v2\/product"}],"about":[{"href":"https:\/\/vne-led.vn\/index.php\/wp-json\/wp\/v2\/types\/product"}],"replies":[{"embeddable":true,"href":"https:\/\/vne-led.vn\/index.php\/wp-json\/wp\/v2\/comments?post=794"}],"wp:featuredmedia":[{"embeddable":true,"href":"https:\/\/vne-led.vn\/index.php\/wp-json\/wp\/v2\/media\/497"}],"wp:attachment":[{"href":"https:\/\/vne-led.vn\/index.php\/wp-json\/wp\/v2\/media?parent=794"}],"wp:term":[{"taxonomy":"product_cat","embeddable":true,"href":"https:\/\/vne-led.vn\/index.php\/wp-json\/wp\/v2\/product_cat?post=794"},{"taxonomy":"product_tag","embeddable":true,"href":"https:\/\/vne-led.vn\/index.php\/wp-json\/wp\/v2\/product_tag?post=794"}],"curies":[{"name":"wp","href":"https:\/\/api.w.org\/{rel}","templated":true}]}}