{"id":795,"date":"2022-09-24T04:30:47","date_gmt":"2022-09-24T04:30:47","guid":{"rendered":"https:\/\/vne-led.vn\/?post_type=product&#038;p=795"},"modified":"2024-03-16T17:07:25","modified_gmt":"2024-03-16T17:07:25","slug":"den-tan-quang-xoay","status":"publish","type":"product","link":"https:\/\/vne-led.vn\/index.php\/product\/den-tan-quang-xoay\/","title":{"rendered":"\u0110e\u0300n ta\u0301n quang xoay"},"content":{"rendered":"<p>\u0110a \u1ee9ng d\u1ee5ng: B\u1ea1n c\u00f3 th\u1ec3 s\u1eed d\u1ee5ng \u0111\u00e8n r\u1ecdi ray \u0111\u1ec3 chi\u1ebfu s\u00e1ng chung, chi\u1ebfu s\u00e1ng \u0111i\u1ec3m nh\u1ea5n ho\u1eb7c chi\u1ebfu s\u00e1ng nhi\u1ec7m v\u1ee5. T\u1ea5t c\u1ea3 ph\u1ee5 thu\u1ed9c v\u00e0o c\u00e1ch b\u1ed1 tr\u00ed v\u00e0 c\u00e0i \u0111\u1eb7t ban \u0111\u1ea7u.<\/p>\n<p>Ti\u1ebft ki\u1ec7m \u0111i\u1ec7n n\u0103ng: B\u1ed9 ngu\u1ed3n \u0111\u01b0\u1ee3c t\u1ed1i \u01b0u h\u00f3a, chip LED cao c\u1ea5p v\u00e0 h\u1ec7 th\u1ed1ng t\u1ea3n nhi\u1ec7t hi\u1ec7u qu\u1ea3 gi\u00fap \u0111\u00e8n r\u1ecdi ray ti\u1ebft<\/p>\n<p><img loading=\"lazy\" decoding=\"async\" class=\"alignnone wp-image-325\" src=\"https:\/\/vne-led.vn\/wp-content\/uploads\/2022\/08\/DE\u0300N-TA\u0301N-QUANG-XOAY-1-300x144.png\" alt=\"\" width=\"529\" height=\"254\" srcset=\"https:\/\/vne-led.vn\/wp-content\/uploads\/2022\/08\/DE\u0300N-TA\u0301N-QUANG-XOAY-1-300x144.png 300w, https:\/\/vne-led.vn\/wp-content\/uploads\/2022\/08\/DE\u0300N-TA\u0301N-QUANG-XOAY-1-768x369.png 768w, https:\/\/vne-led.vn\/wp-content\/uploads\/2022\/08\/DE\u0300N-TA\u0301N-QUANG-XOAY-1-600x288.png 600w, https:\/\/vne-led.vn\/wp-content\/uploads\/2022\/08\/DE\u0300N-TA\u0301N-QUANG-XOAY-1.png 1000w\" sizes=\"auto, (max-width: 529px) 100vw, 529px\" \/><\/p>\n","protected":false},"excerpt":{"rendered":"<p>\u0110e\u0300n ta\u0301n quang xoay l\u00e0 d\u1ea1ng \u0111\u00e8n led thanh ray nam ch\u00e2m hi\u1ec7n \u0111ang \u0111\u01b0\u1ee3c s\u1eed d\u1ee5ng r\u1ed9ng r\u00e3i v\u1edbi phong c\u00e1ch hi\u1ec7n \u0111\u1ea1i.<\/p>\n","protected":false},"featured_media":515,"comment_status":"open","ping_status":"closed","template":"","meta":[],"product_cat":[22],"product_tag":[],"class_list":["post-795","product","type-product","status-publish","has-post-thumbnail","hentry","product_cat-den-led-ray-nam-cham"],"_links":{"self":[{"href":"https:\/\/vne-led.vn\/index.php\/wp-json\/wp\/v2\/product\/795","targetHints":{"allow":["GET"]}}],"collection":[{"href":"https:\/\/vne-led.vn\/index.php\/wp-json\/wp\/v2\/product"}],"about":[{"href":"https:\/\/vne-led.vn\/index.php\/wp-json\/wp\/v2\/types\/product"}],"replies":[{"embeddable":true,"href":"https:\/\/vne-led.vn\/index.php\/wp-json\/wp\/v2\/comments?post=795"}],"wp:featuredmedia":[{"embeddable":true,"href":"https:\/\/vne-led.vn\/index.php\/wp-json\/wp\/v2\/media\/515"}],"wp:attachment":[{"href":"https:\/\/vne-led.vn\/index.php\/wp-json\/wp\/v2\/media?parent=795"}],"wp:term":[{"taxonomy":"product_cat","embeddable":true,"href":"https:\/\/vne-led.vn\/index.php\/wp-json\/wp\/v2\/product_cat?post=795"},{"taxonomy":"product_tag","embeddable":true,"href":"https:\/\/vne-led.vn\/index.php\/wp-json\/wp\/v2\/product_tag?post=795"}],"curies":[{"name":"wp","href":"https:\/\/api.w.org\/{rel}","templated":true}]}}