{"id":797,"date":"2022-09-24T04:30:47","date_gmt":"2022-09-24T04:30:47","guid":{"rendered":"https:\/\/vne-led.vn\/?post_type=product&#038;p=797"},"modified":"2024-03-16T17:07:25","modified_gmt":"2024-03-16T17:07:25","slug":"den-tieu-diem-trang","status":"publish","type":"product","link":"https:\/\/vne-led.vn\/index.php\/product\/den-tieu-diem-trang\/","title":{"rendered":"\u0110e\u0300n ti\u00eau \u0111i\u00ea\u0309m tr\u0103\u0301ng"},"content":{"rendered":"<p>\u0110\u00e8n Led h\u1ec7 nam ch\u00e2m ch\u00e2m \u0111\u1eb3ng c\u1ea5p, qu\u00fd ph\u00e1i sang tr\u1ecdng,uy t\u00edn ch\u1ea5t l\u01b0\u1ee3ng, gi\u00e1 r\u1ebb nh\u1ea5t hi\u1ec7n nay ! Chuy\u00ean d\u00e0nh cho bi\u1ec7t th\u1ef1 cao c\u1ea5p, c\u0103n h\u1ed9 cao c\u1ea5p, bi\u1ec7t th\u1ef1 s\u00e2n v\u01b0\u1eddn, Showroom, Shop Th\u1eddi trang\u2026..<\/p>\n<p><img loading=\"lazy\" decoding=\"async\" class=\"alignnone wp-image-328\" src=\"https:\/\/vne-led.vn\/wp-content\/uploads\/2022\/08\/DE\u0300N-TIEU-DIE\u0309M-TRA\u0301NG-300x234.jpg\" alt=\"\" width=\"423\" height=\"330\" srcset=\"https:\/\/vne-led.vn\/wp-content\/uploads\/2022\/08\/DE\u0300N-TIEU-DIE\u0309M-TRA\u0301NG-300x234.jpg 300w, https:\/\/vne-led.vn\/wp-content\/uploads\/2022\/08\/DE\u0300N-TIEU-DIE\u0309M-TRA\u0301NG.jpg 366w\" sizes=\"auto, (max-width: 423px) 100vw, 423px\" \/><\/p>\n","protected":false},"excerpt":{"rendered":"<p>V\u1edbi s\u1ef1 linh ho\u1ea1t c\u1ee7a thanh ray nam ch\u00e2m th\u00ec vi\u1ec7c t\u1ea1o c\u00e1c d\u00e1ng, \u0111\u1ecbnh h\u00ecnh trong chi\u1ebfu s\u00e1ng r\u1ea5t \u0111\u01a1n gi\u1ea3n v\u00e0 thu\u1eadn ti\u1ec7n thi c\u00f4ng<\/p>\n","protected":false},"featured_media":519,"comment_status":"open","ping_status":"closed","template":"","meta":[],"product_cat":[22],"product_tag":[],"class_list":["post-797","product","type-product","status-publish","has-post-thumbnail","hentry","product_cat-den-led-ray-nam-cham"],"_links":{"self":[{"href":"https:\/\/vne-led.vn\/index.php\/wp-json\/wp\/v2\/product\/797","targetHints":{"allow":["GET"]}}],"collection":[{"href":"https:\/\/vne-led.vn\/index.php\/wp-json\/wp\/v2\/product"}],"about":[{"href":"https:\/\/vne-led.vn\/index.php\/wp-json\/wp\/v2\/types\/product"}],"replies":[{"embeddable":true,"href":"https:\/\/vne-led.vn\/index.php\/wp-json\/wp\/v2\/comments?post=797"}],"wp:featuredmedia":[{"embeddable":true,"href":"https:\/\/vne-led.vn\/index.php\/wp-json\/wp\/v2\/media\/519"}],"wp:attachment":[{"href":"https:\/\/vne-led.vn\/index.php\/wp-json\/wp\/v2\/media?parent=797"}],"wp:term":[{"taxonomy":"product_cat","embeddable":true,"href":"https:\/\/vne-led.vn\/index.php\/wp-json\/wp\/v2\/product_cat?post=797"},{"taxonomy":"product_tag","embeddable":true,"href":"https:\/\/vne-led.vn\/index.php\/wp-json\/wp\/v2\/product_tag?post=797"}],"curies":[{"name":"wp","href":"https:\/\/api.w.org\/{rel}","templated":true}]}}